{"id":24183,"date":"2022-12-29T10:18:50","date_gmt":"2022-12-29T08:18:50","guid":{"rendered":"https:\/\/urbanis-nekretnine.hr\/?page_id=24183"},"modified":"2022-12-29T10:18:51","modified_gmt":"2022-12-29T08:18:51","slug":"pravila-privatnosti","status":"publish","type":"page","link":"https:\/\/urbanis-nekretnine.hr\/de\/pravila-privatnosti\/","title":{"rendered":"Datenschutz-Bestimmungen"},"content":{"rendered":"<p><strong>Sol Home \u2013 Agencija za poslovanje nekretninama<\/strong>.<\/p>\n\n\n\n<p>U sklopu na\u0161e djelatnosti prikupljamo i obra\u0111ujemo osobne podatke koje nam dostave klijenti. Budu\u0107i da nam je za\u0161tita va\u0161e privatnosti prioritet, donijeli smo sljede\u0107a Pravila o privatnosti.<\/p>\n\n\n\n<p>Sol Home se dr\u017ei sljede\u0107ih na\u010dela s ciljem za\u0161tite Va\u0161e privatnosti:<br>\u2022 Ne prikupljamo vi\u0161e informacija nego \u0161to je potrebno;<br>\u2022 Va\u0161e podatke ne koristimo u svrhe koje nisu navedene;<br>\u2022 Ne \u010duvamo Va\u0161e podatke ako vi\u0161e nije potrebno;<br>\u2022 Nikada ne prodajemo, posu\u0111ujemo ili distribuiramo niti javno objavljujemo Va\u0161e osobne podatke;<br>\u2022 Va\u0161e podatke ne \u0161aljemo tre\u0107im stranama;<br>\u2022 Ne koristimo nikakvu automatiziranu obradu i dono\u0161enje odluka niti profiliranje;<br>\u2022 Va\u0161e osobne podatke ne prenosimo u tre\u0107u zemlju ili me\u0111unarodnu organizaciju;<br>\u2022 Tako\u0111er provjeravamo da su Va\u0161i podaci sigurno pohranjeni.<\/p>\n\n\n\n<p>Sol Home prikuplja samo ograni\u010dene koli\u010dine informacija o Vama koje su nu\u017ene kako bismo odgovorili na Va\u0161 zahtjev, i nadamo se uspostavili dugoro\u010dan i vjerodostojan poslovni odnos.<\/p>\n\n\n\n<p>Mi u Sol Home smo stvorili Pravila o privatnosti koja imaju za cilj pomo\u0107i Vam da razumijete koje podatke prikupljamo, u koju svrhu ih koristimo i kako mo\u017eete ostvariti svoja prava.<\/p>\n\n\n\n<p>Va\u017eno je pro\u010ditati na\u0161a Pravila o privatnosti i nadamo se da \u0107ete izdvojiti vrijeme i Va\u0161u pozornost.<\/p>\n\n\n\n<p><strong>Kako i koje Va\u0161e podatke prikupljamo?<\/strong><\/p>\n\n\n\n<p>Kada nas kontaktirate putem na\u0161eg web obrasca za kontakt ili izravno putem na\u0161e e-mail adrese. Informacije koje ispunite (osobne informacije kao \u0161to su Va\u0161e ime, adresa e-po\u0161te, broj telefona) ili po\u0161aljete izravnom porukom e-po\u0161te biti \u0107e obra\u0111ene i pohranjene kako bismo vas mogli kontaktirati i odgovoriti na Va\u0161 zahtjev. Ako ste mla\u0111i od 16 godina morate prilo\u017eiti suglasnost roditelja ili nositelja prije davanja osobnih podataka. Popunjavaju\u0107i obrasce za kontakt na na\u0161oj stranici ili nas kontaktiraju\u0107i izravno putem e-mail po\u0161te jam\u010dite da su informacije koje ste prilo\u017eili to\u010dne te da ste u cijelosti suglasni s odredbama na\u0161ih Pravila o privatnosti iu njima navedenim uvjetima.<\/p>\n\n\n\n<p><strong>Podaci o Voditelju obrade Va\u0161ih podataka<\/strong><\/p>\n\n\n\n<p>Voditelj obrade ove internetske stranice i Va\u0161ih osobnih podataka je Sol Home doo, Put Bokanjca 52, 23000 Zadar.<\/p>\n\n\n\n<p><strong>Koja je svrha i pravna osnova za prikupljanje Va\u0161ih podataka?<\/strong><\/p>\n\n\n\n<p>Poduzimanje najprikladnijih aktivnosti na Va\u0161 zahtjev prije ulaska u bilo koji poslovni odnos, na temelju poslovnog djelovanja tvrtke i njenog legitimnog interesa.<\/p>\n\n\n\n<p><strong>Koliko \u0107e dugo biti pohranjeni Va\u0161i osobni podaci?<\/strong><\/p>\n\n\n\n<p>Sve dok imamo otvorenu komunikaciju u svrhu uspostavljanja zajedni\u010dke poslovne suradnje kao i za vrijeme va\u017eenja na\u0161eg ugovornog odnosa.<\/p>\n\n\n\n<p><strong>Kako \u0107emo koristiti informacije o Vama?<\/strong><\/p>\n\n\n\n<p>Prikupljamo informacije o Vama da bismo Vas mogli kontaktirati i odgovoriti na Va\u0161 zahtjev. Va\u0161e osobne podatke potrebne prikupljamo i koristimo u svrhu uspostavljanja na\u0161eg poslovnog odnosa, kao i za vrijeme va\u017eenja na\u0161eg ugovornog odnosa.Tijekom trajanja ugovornog odnosa Sol Home \u0107e Vam slati obavijesti o novim prozvodima i uslugama za koje smatramo da bi Vam mogli biti od interesa, ako ste za isto dali privolu kod kontaktiranja na\u0161e tvrtke putem web obrasca. Privolu koju nam date za ovu svrhu mo\u017eete u svakom trenutku povu\u0107i te \u0107emo u tom slu\u010daju prestati s ovom obradom.<\/p>\n\n\n\n<p><strong>Google Analytics<\/strong><\/p>\n\n\n\n<p>Prilikom prikupljanja osobnih podataka, mogu\u0107a je pohrana odre\u0111enih podataka od strane platforme Google Analytics. Za vi\u0161e podataka o pravilima privatnosti platforme Google Analytics, mo\u017eete se informirati putem sljede\u0107eg linka:&nbsp;<a href=\"https:\/\/policies.google.com\/privacy?hl=hr\" target=\"_blank\" rel=\"noreferrer noopener\">https:\/\/policies.google.com\/privacy<\/a><\/p>\n\n\n\n<p><strong>Informacijska sigurnost<\/strong><\/p>\n\n\n\n<p>Osigurali smo sigurnosne mjere u svrhu za\u0161tite osobnih podataka koje podijelite s nama. Va\u0161i osobni podaci za\u0161ti\u0107eni su od slu\u010dajnog ili nezakonitog uni\u0161tenja, gubitka, izmjene, neovla\u0161tenog otkrivanja ili pristupa osobnim podacima koji se prenose, pohranjuju ili se na drugi na\u010din obra\u0111uju.<\/p>\n\n\n\n<p><strong>O na\u0161em poslu\u017eitelju internetske stranice<\/strong><\/p>\n\n\n\n<p>Ova web stranica smje\u0161tena je kod globalno kod poznatog davatelja usluga u EU. Ova internetska stranica smje\u0161tena je kod globalno poznatog pru\u017eatelja usluga u Njema\u010dkoj i EU, za koje Europska komisija smatra da osiguravaju odgovaraju\u0107u razinu za\u0161tite osobnih podataka gra\u0111ana EU.<\/p>\n\n\n\n<p><strong>Kola\u010di\u0107i<\/strong><\/p>\n\n\n\n<p>Kako bismo olak\u0161ali pregledavanje na\u0161ih internetskih stranica, na\u0161 poslu\u017eitelj globalne mre\u017ee koristi kola\u010di\u0107e. Kola\u010di\u0107i se ne mogu koristiti za pokretanje programa ili postavljanje virusa na Va\u0161e ra\u010dunalo. Pregled na\u0161ih stranica mogu\u0107 je i bez uporabe kola\u010di\u0107a, ako je va\u0161 internetski preglednik tako postavljen.<\/p>\n\n\n\n<p><strong>Va\u0161a prava<\/strong><\/p>\n\n\n\n<p>Imate pravo na informacije o obradi Va\u0161ih osobnih podataka, povla\u010denje svoje privole u bilo koje vrijeme, ispravak ili dopunu Va\u0161ih osobnih podataka kako bi uvijek bili to\u010dni, brisanje Va\u0161ih osobnih podataka kada vi\u0161e nisu potrebni za gore navedene svrhe, prijenos Va\u0161ih osobnih podataka u strukturiranom obliku te podno\u0161enje prigovora Sol Home na Sol Home doo, Put Bokanjca 52, 23000 Zadar ili na info@solhome.hr ili nadle\u017enom dr\u017eavnom tijelu.<\/p>\n\n\n\n<p><strong>Va\u0161a privola<\/strong><\/p>\n\n\n\n<p>Kori\u0161tenjem ove web stranice dajete privolu na ovu politiku privatnosti, tj. dajete izri\u010ditu privolu Sol Home da prikuplja i dalje obra\u0111uje va\u0161e osobne podatke, kao i sve druge podatke za koje sazna pru\u017eanjem svojih usluga sukladno zakonskim propisima, a sve u skladu s definiranom svrhom u ovim pravilima. Tako\u0111er potvr\u0111ujete da ste upoznati sa svim bitnim podacima o Sol Home i uslugama koje pru\u017ea.<\/p>\n\n\n\n<p><strong>Pravo na podno\u0161enje prigovora nadle\u017enom tijelu<\/strong><\/p>\n\n\n\n<p>U svakom trenutku mo\u017eete ulo\u017eiti \u017ealbu izravno nadle\u017enom nadzornom tijelu: Agenciji za za\u0161titu osobnih podataka (AZOP), Marti\u0107eva 14, Zagreb, Kontakt: +385 (0)1 4609 999, azop@azop.hr , www.azop.hr.<\/p>\n\n\n\n<p><strong>Povreda osobnih podataka<\/strong><\/p>\n\n\n\n<p>O svakoj nezakonitoj povredi podataka izvijestiti \u0107emo AZOP kao nadle\u017eno tijelo za za\u0161titu podataka.<\/p>\n\n\n\n<p><strong>Promjene na\u0161ih pravila o privatnosti<\/strong><\/p>\n\n\n\n<p>U slu\u010daju promjena na\u0161ih pravila o privatnosti obavijestit \u0107emo Vas o tome na ovoj stranici i a\u017eurirati datum izmjene pravila o privatnosti dolje kako slijedi.<\/p>\n\n\n\n<p><em>Ova Pravila o privatnosti a\u017eurirana am 20. 5. 2022.<\/em><\/p>","protected":false},"excerpt":{"rendered":"<p>Sol Home \u2013 Agencija za poslovanje nekretninama. U sklopu na\u0161e djelatnosti prikupljamo i obra\u0111ujemo osobne podatke koje nam dostave klijenti. Budu\u0107i da nam je za\u0161tita va\u0161e privatnosti prioritet, donijeli smo sljede\u0107a Pravila o privatnosti. Sol Home se dr\u017ei sljede\u0107ih na\u010dela s ciljem za\u0161tite Va\u0161e privatnosti:\u2022 Ne prikupljamo vi\u0161e informacija nego \u0161to je potrebno;\u2022 Va\u0161e podatke [\u2026]<\/p>","protected":false},"author":1,"featured_media":0,"parent":0,"menu_order":0,"comment_status":"closed","ping_status":"closed","template":"","meta":{"footnotes":""},"class_list":["post-24183","page","type-page","status-publish","hentry"],"yoast_head":"<!-- This site is optimized with the Yoast SEO plugin v22.7 - https:\/\/yoast.com\/wordpress\/plugins\/seo\/ -->\n<title>Pravila privatnosti - Urbanis Nekretnine<\/title>\n<meta name=\"robots\" content=\"index, follow, max-snippet:-1, max-image-preview:large, max-video-preview:-1\" \/>\n<link rel=\"canonical\" href=\"https:\/\/urbanis-nekretnine.hr\/de\/pravila-privatnosti\/\" \/>\n<meta property=\"og:locale\" content=\"de_DE\" \/>\n<meta property=\"og:type\" content=\"article\" \/>\n<meta property=\"og:title\" content=\"Pravila privatnosti - Urbanis Nekretnine\" \/>\n<meta property=\"og:description\" content=\"Sol Home \u2013 Agencija za poslovanje nekretninama. U sklopu na\u0161e djelatnosti prikupljamo i obra\u0111ujemo osobne podatke koje nam dostave klijenti. Budu\u0107i da nam je za\u0161tita va\u0161e privatnosti prioritet, donijeli smo sljede\u0107a Pravila o privatnosti. Sol Home se dr\u017ei sljede\u0107ih na\u010dela s ciljem za\u0161tite Va\u0161e privatnosti:\u2022 Ne prikupljamo vi\u0161e informacija nego \u0161to je potrebno;\u2022 Va\u0161e podatke [&hellip;]\" \/>\n<meta property=\"og:url\" content=\"https:\/\/urbanis-nekretnine.hr\/de\/pravila-privatnosti\/\" \/>\n<meta property=\"og:site_name\" content=\"Urbanis Nekretnine\" \/>\n<meta property=\"article:modified_time\" content=\"2022-12-29T08:18:51+00:00\" \/>\n<meta name=\"twitter:card\" content=\"summary_large_image\" \/>\n<meta name=\"twitter:label1\" content=\"Gesch\u00e4tzte Lesezeit\" \/>\n\t<meta name=\"twitter:data1\" content=\"5\u00a0Minuten\" \/>\n<script type=\"application\/ld+json\" class=\"yoast-schema-graph\">{\"@context\":\"https:\/\/schema.org\",\"@graph\":[{\"@type\":\"WebPage\",\"@id\":\"https:\/\/urbanis-nekretnine.hr\/pravila-privatnosti\/\",\"url\":\"https:\/\/urbanis-nekretnine.hr\/pravila-privatnosti\/\",\"name\":\"Pravila privatnosti - Urbanis Nekretnine\",\"isPartOf\":{\"@id\":\"https:\/\/urbanis-nekretnine.hr\/de\/#website\"},\"datePublished\":\"2022-12-29T08:18:50+00:00\",\"dateModified\":\"2022-12-29T08:18:51+00:00\",\"inLanguage\":\"de\",\"potentialAction\":[{\"@type\":\"ReadAction\",\"target\":[\"https:\/\/urbanis-nekretnine.hr\/pravila-privatnosti\/\"]}]},{\"@type\":\"WebSite\",\"@id\":\"https:\/\/urbanis-nekretnine.hr\/de\/#website\",\"url\":\"https:\/\/urbanis-nekretnine.hr\/de\/\",\"name\":\"Urbanis Nekretnine\",\"description\":\"Find your dream home | Real Estate Croatia | Zadar | Novalja | \u0160ibenik | Vodice\",\"publisher\":{\"@id\":\"https:\/\/urbanis-nekretnine.hr\/de\/#organization\"},\"potentialAction\":[{\"@type\":\"SearchAction\",\"target\":{\"@type\":\"EntryPoint\",\"urlTemplate\":\"https:\/\/urbanis-nekretnine.hr\/de\/?s={search_term_string}\"},\"query-input\":\"required name=search_term_string\"}],\"inLanguage\":\"de\"},{\"@type\":\"Organization\",\"@id\":\"https:\/\/urbanis-nekretnine.hr\/de\/#organization\",\"name\":\"Urbanis Nekretnine\",\"url\":\"https:\/\/urbanis-nekretnine.hr\/de\/\",\"logo\":{\"@type\":\"ImageObject\",\"inLanguage\":\"de\",\"@id\":\"https:\/\/urbanis-nekretnine.hr\/de\/#\/schema\/logo\/image\/\",\"url\":\"https:\/\/urbanis-nekretnine.hr\/wp-content\/uploads\/2022\/07\/Sol-Home_new.svg\",\"contentUrl\":\"https:\/\/urbanis-nekretnine.hr\/wp-content\/uploads\/2022\/07\/Sol-Home_new.svg\",\"width\":202,\"height\":60,\"caption\":\"Urbanis Nekretnine\"},\"image\":{\"@id\":\"https:\/\/urbanis-nekretnine.hr\/de\/#\/schema\/logo\/image\/\"}}]}<\/script>\n<!-- \/ Yoast SEO plugin. -->","yoast_head_json":{"title":"Pravila privatnosti - Urbanis Nekretnine","robots":{"index":"index","follow":"follow","max-snippet":"max-snippet:-1","max-image-preview":"max-image-preview:large","max-video-preview":"max-video-preview:-1"},"canonical":"https:\/\/urbanis-nekretnine.hr\/de\/pravila-privatnosti\/","og_locale":"de_DE","og_type":"article","og_title":"Pravila privatnosti - Urbanis Nekretnine","og_description":"Sol Home \u2013 Agencija za poslovanje nekretninama. U sklopu na\u0161e djelatnosti prikupljamo i obra\u0111ujemo osobne podatke koje nam dostave klijenti. Budu\u0107i da nam je za\u0161tita va\u0161e privatnosti prioritet, donijeli smo sljede\u0107a Pravila o privatnosti. Sol Home se dr\u017ei sljede\u0107ih na\u010dela s ciljem za\u0161tite Va\u0161e privatnosti:\u2022 Ne prikupljamo vi\u0161e informacija nego \u0161to je potrebno;\u2022 Va\u0161e podatke [&hellip;]","og_url":"https:\/\/urbanis-nekretnine.hr\/de\/pravila-privatnosti\/","og_site_name":"Urbanis Nekretnine","article_modified_time":"2022-12-29T08:18:51+00:00","twitter_card":"summary_large_image","twitter_misc":{"Gesch\u00e4tzte Lesezeit":"5\u00a0Minuten"},"schema":{"@context":"https:\/\/schema.org","@graph":[{"@type":"WebPage","@id":"https:\/\/urbanis-nekretnine.hr\/pravila-privatnosti\/","url":"https:\/\/urbanis-nekretnine.hr\/pravila-privatnosti\/","name":"Pravila privatnosti - Urbanis Nekretnine","isPartOf":{"@id":"https:\/\/urbanis-nekretnine.hr\/de\/#website"},"datePublished":"2022-12-29T08:18:50+00:00","dateModified":"2022-12-29T08:18:51+00:00","inLanguage":"de","potentialAction":[{"@type":"ReadAction","target":["https:\/\/urbanis-nekretnine.hr\/pravila-privatnosti\/"]}]},{"@type":"WebSite","@id":"https:\/\/urbanis-nekretnine.hr\/de\/#website","url":"https:\/\/urbanis-nekretnine.hr\/de\/","name":"Urbanis Nekretnine","description":"Find your dream home | Real Estate Croatia | Zadar | Novalja | \u0160ibenik | Vodice","publisher":{"@id":"https:\/\/urbanis-nekretnine.hr\/de\/#organization"},"potentialAction":[{"@type":"SearchAction","target":{"@type":"EntryPoint","urlTemplate":"https:\/\/urbanis-nekretnine.hr\/de\/?s={search_term_string}"},"query-input":"required name=search_term_string"}],"inLanguage":"de"},{"@type":"Organization","@id":"https:\/\/urbanis-nekretnine.hr\/de\/#organization","name":"Urbanis Nekretnine","url":"https:\/\/urbanis-nekretnine.hr\/de\/","logo":{"@type":"ImageObject","inLanguage":"de","@id":"https:\/\/urbanis-nekretnine.hr\/de\/#\/schema\/logo\/image\/","url":"https:\/\/urbanis-nekretnine.hr\/wp-content\/uploads\/2022\/07\/Sol-Home_new.svg","contentUrl":"https:\/\/urbanis-nekretnine.hr\/wp-content\/uploads\/2022\/07\/Sol-Home_new.svg","width":202,"height":60,"caption":"Urbanis Nekretnine"},"image":{"@id":"https:\/\/urbanis-nekretnine.hr\/de\/#\/schema\/logo\/image\/"}}]}},"_links":{"self":[{"href":"https:\/\/urbanis-nekretnine.hr\/de\/wp-json\/wp\/v2\/pages\/24183","targetHints":{"allow":["GET"]}}],"collection":[{"href":"https:\/\/urbanis-nekretnine.hr\/de\/wp-json\/wp\/v2\/pages"}],"about":[{"href":"https:\/\/urbanis-nekretnine.hr\/de\/wp-json\/wp\/v2\/types\/page"}],"author":[{"embeddable":true,"href":"https:\/\/urbanis-nekretnine.hr\/de\/wp-json\/wp\/v2\/users\/1"}],"replies":[{"embeddable":true,"href":"https:\/\/urbanis-nekretnine.hr\/de\/wp-json\/wp\/v2\/comments?post=24183"}],"version-history":[{"count":1,"href":"https:\/\/urbanis-nekretnine.hr\/de\/wp-json\/wp\/v2\/pages\/24183\/revisions"}],"predecessor-version":[{"id":24184,"href":"https:\/\/urbanis-nekretnine.hr\/de\/wp-json\/wp\/v2\/pages\/24183\/revisions\/24184"}],"wp:attachment":[{"href":"https:\/\/urbanis-nekretnine.hr\/de\/wp-json\/wp\/v2\/media?parent=24183"}],"curies":[{"name":"wp","href":"https:\/\/api.w.org\/{rel}","templated":true}]}}